{"id":721,"date":"2020-09-29T17:43:55","date_gmt":"2020-09-29T15:43:55","guid":{"rendered":"http:\/\/kdog.eu\/?page_id=721"},"modified":"2020-10-15T11:35:42","modified_gmt":"2020-10-15T09:35:42","slug":"etude-clinique-en","status":"publish","type":"page","link":"https:\/\/kdog.eu\/index.php\/en\/etude-clinique-en\/","title":{"rendered":"Etude clinique &#8211; EN"},"content":{"rendered":"<div id=\"pl-721\"  class=\"panel-layout\" ><div id=\"pg-721-0\"  class=\"panel-grid panel-has-style\" ><div style=\"padding: 100px 0; \" data-overlay=\"true\" class=\"panel-row-style panel-row-style-for-721-0\" ><div id=\"pgc-721-0-0\"  class=\"panel-grid-cell\" ><div id=\"panel-721-0-0-0\" class=\"so-panel widget widget_sow-editor panel-first-child panel-last-child\" data-index=\"0\" ><div style=\"text-align: left;\" data-title-color=\"#dd9933\" data-headings-color=\"#443f3f\" class=\"panel-widget-style panel-widget-style-for-721-0-0-0\" ><div class=\"so-widget-sow-editor so-widget-sow-editor-base\"><h3 class=\"widget-title\">The clinical study<\/h3>\n<div class=\"siteorigin-widget-tinymce textwidget\">\n\t<blockquote>\n<p>The KDOG team validated a proof of concept in 2017-2018 with 2 dogs which in more than 90% of cases found the sample carried by sick women among samples of women without cancer. This is exceptional and seems to prove that the dogs do detect something, but it is not enough. We must now move from a concept to a rigorous, repeatable, scientifically validated by the medical community progress, which requires a clinical study. This clinical study, carried out in a multicentre setting, began in early 2020.<\/p>\n<\/blockquote>\n<\/div>\n<\/div><\/div><\/div><\/div><\/div><\/div><div id=\"pg-721-1\"  class=\"panel-grid panel-has-style\" ><div style=\"padding: 0px 0; \" data-overlay=\"true\" data-overlay-color=\"#000000\" class=\"panel-row-style panel-row-style-for-721-1\" ><div id=\"pgc-721-1-0\"  class=\"panel-grid-cell\" ><div id=\"panel-721-1-0-0\" class=\"so-panel widget widget_sow-editor panel-first-child panel-last-child\" data-index=\"1\" ><div style=\"text-align: left;\" data-title-color=\"#443f3f\" data-headings-color=\"#443f3f\" class=\"panel-widget-style panel-widget-style-for-721-1-0-0\" ><div class=\"so-widget-sow-editor so-widget-sow-editor-base\"><h3 class=\"widget-title\">A word from Anne Tardivon, Principal Investigator<\/h3>\n<div class=\"siteorigin-widget-tinymce textwidget\">\n\t<\/div>\n<\/div><\/div><\/div><\/div><\/div><\/div><div id=\"pg-721-2\"  class=\"panel-grid panel-has-style\" ><div style=\"border-bottom: 1px solid #000000;padding: 30px 0; \" data-overlay=\"true\" data-overlay-color=\"#000000\" class=\"panel-row-style panel-row-style-for-721-2\" ><div id=\"pgc-721-2-0\"  class=\"panel-grid-cell\" ><div id=\"panel-721-2-0-0\" class=\"so-panel widget widget_sow-editor panel-first-child panel-last-child\" data-index=\"2\" ><div style=\"text-align: left;\" data-title-color=\"#443f3f\" data-headings-color=\"#443f3f\" class=\"panel-widget-style panel-widget-style-for-721-2-0-0\" ><div class=\"so-widget-sow-editor so-widget-sow-editor-base\">\n<div class=\"siteorigin-widget-tinymce textwidget\">\n\t<p><strong>Anne TARDIVON<\/strong> has been working as a radiologist in Cancer Centres since 1992, and at the Curie Institute since 2002. Specialising in breast imaging, she is the principal investigator of the clinical study of the KDOG project.<\/p>\n<\/div>\n<\/div><\/div><\/div><\/div><div id=\"pgc-721-2-1\"  class=\"panel-grid-cell\" ><div id=\"panel-721-2-1-0\" class=\"so-panel widget widget_sydney_video_widget sydney_video_widget_widget panel-first-child panel-last-child\" data-index=\"3\" ><div style=\"text-align: left;\" data-title-color=\"#443f3f\" data-headings-color=\"#443f3f\" class=\"panel-widget-style panel-widget-style-for-721-2-1-0\" ><div class=\"sydney-video vid-normal\"><div class=\"video-overlay\"><div class=\"sydney-video-inner\"><span class=\"close-popup\"><i class=\"fa fa-times\"><\/i><\/span><iframe title=\"KDOG - Anne TARDIVON - Investigateur principal de l&#039;\u00e9tude clinique\" width=\"1170\" height=\"658\" src=\"https:\/\/www.youtube.com\/embed\/-XIwttiYJYM?feature=oembed\" frameborder=\"0\" allow=\"accelerometer; autoplay; clipboard-write; encrypted-media; gyroscope; picture-in-picture; web-share\" referrerpolicy=\"strict-origin-when-cross-origin\" allowfullscreen><\/iframe><\/div><\/div><div class=\"video-text\"><\/div><a href=\"#\" class=\"toggle-popup\"><i class=\"fa fa-play\"><\/i><\/a><\/div><\/div><\/div><\/div><\/div><\/div><div id=\"pg-721-3\"  class=\"panel-grid panel-has-style\" ><div style=\"padding: 0px 0; \" data-overlay=\"true\" data-overlay-color=\"#000000\" class=\"panel-row-style panel-row-style-for-721-3\" ><div id=\"pgc-721-3-0\"  class=\"panel-grid-cell\" ><div id=\"panel-721-3-0-0\" class=\"so-panel widget widget_sow-editor panel-first-child panel-last-child\" data-index=\"4\" ><div style=\"text-align: left;\" data-title-color=\"#443f3f\" data-headings-color=\"#443f3f\" class=\"panel-widget-style panel-widget-style-for-721-3-0-0\" ><div class=\"so-widget-sow-editor so-widget-sow-editor-base\"><h3 class=\"widget-title\">An update on the method<\/h3>\n<div class=\"siteorigin-widget-tinymce textwidget\">\n\t<\/div>\n<\/div><\/div><\/div><\/div><\/div><\/div><div id=\"pg-721-4\"  class=\"panel-grid panel-has-style\" ><div style=\"border-bottom: 1px solid #000000;padding: 30px 0; \" data-overlay=\"true\" data-overlay-color=\"#000000\" class=\"panel-row-style panel-row-style-for-721-4\" ><div id=\"pgc-721-4-0\"  class=\"panel-grid-cell\" ><div id=\"panel-721-4-0-0\" class=\"so-panel widget widget_sow-editor panel-first-child panel-last-child\" data-index=\"5\" ><div style=\"text-align: left;\" data-title-color=\"#443f3f\" data-headings-color=\"#443f3f\" class=\"panel-widget-style panel-widget-style-for-721-4-0-0\" ><div class=\"so-widget-sow-editor so-widget-sow-editor-base\">\n<div class=\"siteorigin-widget-tinymce textwidget\">\n\t<p>How can we prove scientifically that such a process is reliable or not? This is the whole issue of clinical study design. Here is what <strong>Alexia SAVIGNONI<\/strong>, a methodologist at the Curie Institute who is in charge of this fundamental part of the study, has to say about it.<\/p>\n<\/div>\n<\/div><\/div><\/div><\/div><div id=\"pgc-721-4-1\"  class=\"panel-grid-cell\" ><div id=\"panel-721-4-1-0\" class=\"so-panel widget widget_sydney_video_widget sydney_video_widget_widget panel-first-child panel-last-child\" data-index=\"6\" ><div style=\"text-align: left;\" data-title-color=\"#443f3f\" data-headings-color=\"#443f3f\" class=\"panel-widget-style panel-widget-style-for-721-4-1-0\" ><div class=\"sydney-video vid-normal\"><div class=\"video-overlay\"><div class=\"sydney-video-inner\"><span class=\"close-popup\"><i class=\"fa fa-times\"><\/i><\/span><iframe title=\"KDOG - Alexia SAVIGNONI\" width=\"1170\" height=\"658\" src=\"https:\/\/www.youtube.com\/embed\/nRsQnUnvtSg?feature=oembed\" frameborder=\"0\" allow=\"accelerometer; autoplay; clipboard-write; encrypted-media; gyroscope; picture-in-picture; web-share\" referrerpolicy=\"strict-origin-when-cross-origin\" allowfullscreen><\/iframe><\/div><\/div><div class=\"video-text\"><\/div><a href=\"#\" class=\"toggle-popup\"><i class=\"fa fa-play\"><\/i><\/a><\/div><\/div><\/div><\/div><\/div><\/div><div id=\"pg-721-5\"  class=\"panel-grid panel-has-style\" ><div style=\"padding: 0px 0; \" data-overlay=\"true\" data-overlay-color=\"#000000\" class=\"panel-row-style panel-row-style-for-721-5\" ><div id=\"pgc-721-5-0\"  class=\"panel-grid-cell\" ><div id=\"panel-721-5-0-0\" class=\"so-panel widget widget_sow-editor panel-first-child panel-last-child\" data-index=\"7\" ><div style=\"text-align: left;\" data-title-color=\"#443f3f\" data-headings-color=\"#443f3f\" class=\"panel-widget-style panel-widget-style-for-721-5-0-0\" ><div class=\"so-widget-sow-editor so-widget-sow-editor-base\"><h3 class=\"widget-title\">The dog team<\/h3>\n<div class=\"siteorigin-widget-tinymce textwidget\">\n\t<p>KDOG dogs are trained at the Jardins de la D\u00e9fense in Champvoisy. The kennel is run by Didier VALENTIN, former army captain and cynotechnical trainer. He uses his expertise to prepare Nougaro, a labrador, for the detection of breast cancer odors.<\/p>\n<p>Didier is accompanied by two canine educators, C\u00e9cile MANSUY and Florian CONCHAUDON, who respectively look after Odin, a labrador, and Owen, a Malinois.<\/p>\n<\/div>\n<\/div><\/div><\/div><\/div><\/div><\/div><div id=\"pg-721-6\"  class=\"panel-grid panel-has-style\" ><div style=\"padding: 30px 0; \" data-overlay=\"true\" data-overlay-color=\"#000000\" class=\"panel-row-style panel-row-style-for-721-6\" ><div id=\"pgc-721-6-0\"  class=\"panel-grid-cell\" ><div id=\"panel-721-6-0-0\" class=\"so-panel widget widget_sydney_video_widget sydney_video_widget_widget panel-first-child panel-last-child\" data-index=\"8\" ><div style=\"text-align: left;\" data-title-color=\"#443f3f\" data-headings-color=\"#443f3f\" class=\"panel-widget-style panel-widget-style-for-721-6-0-0\" ><div class=\"sydney-video vid-normal\"><div class=\"video-overlay\"><div class=\"sydney-video-inner\"><span class=\"close-popup\"><i class=\"fa fa-times\"><\/i><\/span><iframe title=\"KDOG - Didier VALENTIN\" width=\"1170\" height=\"658\" src=\"https:\/\/www.youtube.com\/embed\/oIqU8h1OKMQ?feature=oembed\" frameborder=\"0\" allow=\"accelerometer; autoplay; clipboard-write; encrypted-media; gyroscope; picture-in-picture; web-share\" referrerpolicy=\"strict-origin-when-cross-origin\" allowfullscreen><\/iframe><\/div><\/div><div class=\"video-text\"><\/div><a href=\"#\" class=\"toggle-popup\"><i class=\"fa fa-play\"><\/i><\/a><\/div><\/div><\/div><\/div><div id=\"pgc-721-6-1\"  class=\"panel-grid-cell\" ><div id=\"panel-721-6-1-0\" class=\"so-panel widget widget_sydney_video_widget sydney_video_widget_widget panel-first-child panel-last-child\" data-index=\"9\" ><div style=\"text-align: left;\" data-title-color=\"#443f3f\" data-headings-color=\"#443f3f\" class=\"panel-widget-style panel-widget-style-for-721-6-1-0\" ><div class=\"sydney-video vid-normal\"><div class=\"video-overlay\"><div class=\"sydney-video-inner\"><span class=\"close-popup\"><i class=\"fa fa-times\"><\/i><\/span><iframe title=\"KDOG - C\u00e9cile MANSUY\" width=\"1170\" height=\"658\" src=\"https:\/\/www.youtube.com\/embed\/sIZofT2d51A?feature=oembed\" frameborder=\"0\" allow=\"accelerometer; autoplay; clipboard-write; encrypted-media; gyroscope; picture-in-picture; web-share\" referrerpolicy=\"strict-origin-when-cross-origin\" allowfullscreen><\/iframe><\/div><\/div><div class=\"video-text\"><\/div><a href=\"#\" class=\"toggle-popup\"><i class=\"fa fa-play\"><\/i><\/a><\/div><\/div><\/div><\/div><div id=\"pgc-721-6-2\"  class=\"panel-grid-cell\" ><div id=\"panel-721-6-2-0\" class=\"so-panel widget widget_sydney_video_widget sydney_video_widget_widget panel-first-child panel-last-child\" data-index=\"10\" ><div style=\"text-align: left;\" data-title-color=\"#443f3f\" data-headings-color=\"#443f3f\" class=\"panel-widget-style panel-widget-style-for-721-6-2-0\" ><div class=\"sydney-video vid-normal\"><div class=\"video-overlay\"><div class=\"sydney-video-inner\"><span class=\"close-popup\"><i class=\"fa fa-times\"><\/i><\/span><iframe title=\"KDOG - Florian CONCHAUDON\" width=\"1170\" height=\"658\" src=\"https:\/\/www.youtube.com\/embed\/6Nw0_XjDfew?feature=oembed\" frameborder=\"0\" allow=\"accelerometer; autoplay; clipboard-write; encrypted-media; gyroscope; picture-in-picture; web-share\" referrerpolicy=\"strict-origin-when-cross-origin\" allowfullscreen><\/iframe><\/div><\/div><div class=\"video-text\"><\/div><a href=\"#\" class=\"toggle-popup\"><i class=\"fa fa-play\"><\/i><\/a><\/div><\/div><\/div><\/div><\/div><\/div><div id=\"pg-721-7\"  class=\"panel-grid panel-has-style\" ><div style=\"border-bottom: 1px solid #000000;padding: 100px 0; \" data-overlay=\"true\" data-overlay-color=\"#000000\" class=\"panel-row-style panel-row-style-for-721-7\" ><div id=\"pgc-721-7-0\"  class=\"panel-grid-cell\" ><div id=\"panel-721-7-0-0\" class=\"so-panel widget widget_sydney_video_widget sydney_video_widget_widget panel-first-child panel-last-child\" data-index=\"11\" ><div style=\"text-align: left;\" data-title-color=\"#443f3f\" data-headings-color=\"#443f3f\" class=\"panel-widget-style panel-widget-style-for-721-7-0-0\" ><div class=\"sydney-video vid-normal\"><div class=\"video-overlay\"><div class=\"sydney-video-inner\"><span class=\"close-popup\"><i class=\"fa fa-times\"><\/i><\/span><iframe title=\"KDOG - TRAININGS\" width=\"1170\" height=\"658\" src=\"https:\/\/www.youtube.com\/embed\/6VuGx-YZiqA?feature=oembed\" frameborder=\"0\" allow=\"accelerometer; autoplay; clipboard-write; encrypted-media; gyroscope; picture-in-picture; web-share\" referrerpolicy=\"strict-origin-when-cross-origin\" allowfullscreen><\/iframe><\/div><\/div><div class=\"video-text\"><\/div><a href=\"#\" class=\"toggle-popup\"><i class=\"fa fa-play\"><\/i><\/a><\/div><\/div><\/div><\/div><\/div><\/div><div id=\"pg-721-8\"  class=\"panel-grid panel-has-style\" ><div style=\"padding: 0px 0; \" data-overlay=\"true\" data-overlay-color=\"#000000\" class=\"panel-row-style panel-row-style-for-721-8\" ><div id=\"pgc-721-8-0\"  class=\"panel-grid-cell\" ><div id=\"panel-721-8-0-0\" class=\"so-panel widget widget_sow-editor panel-first-child panel-last-child\" data-index=\"12\" ><div style=\"text-align: left;\" data-title-color=\"#443f3f\" data-headings-color=\"#443f3f\" class=\"panel-widget-style panel-widget-style-for-721-8-0-0\" ><div class=\"so-widget-sow-editor so-widget-sow-editor-base\"><h3 class=\"widget-title\">Observing, measuring, recording<\/h3>\n<div class=\"siteorigin-widget-tinymce textwidget\">\n\t<\/div>\n<\/div><\/div><\/div><\/div><\/div><\/div><div id=\"pg-721-9\"  class=\"panel-grid panel-has-style\" ><div style=\"border-bottom: 1px solid #000000;padding: 30px 0; \" data-overlay=\"true\" data-overlay-color=\"#000000\" class=\"panel-row-style panel-row-style-for-721-9\" ><div id=\"pgc-721-9-0\"  class=\"panel-grid-cell\" ><div id=\"panel-721-9-0-0\" class=\"so-panel widget widget_sow-editor panel-first-child panel-last-child\" data-index=\"13\" ><div style=\"text-align: left;\" data-title-color=\"#443f3f\" data-headings-color=\"#443f3f\" class=\"panel-widget-style panel-widget-style-for-721-9-0-0\" ><div class=\"so-widget-sow-editor so-widget-sow-editor-base\">\n<div class=\"siteorigin-widget-tinymce textwidget\">\n\t<p><strong>Damien TRUFFAUT<\/strong> puts his IT skills at the service of KDOG to create a software platform for monitoring dog training. A fundamental work to record and transmit the data.<\/p>\n<\/div>\n<\/div><\/div><\/div><\/div><div id=\"pgc-721-9-1\"  class=\"panel-grid-cell\" ><div id=\"panel-721-9-1-0\" class=\"so-panel widget widget_sydney_video_widget sydney_video_widget_widget panel-first-child panel-last-child\" data-index=\"14\" ><div style=\"text-align: left;\" data-title-color=\"#443f3f\" data-headings-color=\"#443f3f\" class=\"panel-widget-style panel-widget-style-for-721-9-1-0\" ><div class=\"sydney-video vid-normal\"><div class=\"video-overlay\"><div class=\"sydney-video-inner\"><span class=\"close-popup\"><i class=\"fa fa-times\"><\/i><\/span><iframe title=\"KDOG - Damien TRUFFAUT\" width=\"1170\" height=\"658\" src=\"https:\/\/www.youtube.com\/embed\/unDGXlR4uVA?feature=oembed\" frameborder=\"0\" allow=\"accelerometer; autoplay; clipboard-write; encrypted-media; gyroscope; picture-in-picture; web-share\" referrerpolicy=\"strict-origin-when-cross-origin\" allowfullscreen><\/iframe><\/div><\/div><div class=\"video-text\"><\/div><a href=\"#\" class=\"toggle-popup\"><i class=\"fa fa-play\"><\/i><\/a><\/div><\/div><\/div><\/div><\/div><\/div><div id=\"pg-721-10\"  class=\"panel-grid panel-has-style\" ><div style=\"padding: 0px 0; \" data-overlay=\"true\" data-overlay-color=\"#000000\" class=\"panel-row-style panel-row-style-for-721-10\" ><div id=\"pgc-721-10-0\"  class=\"panel-grid-cell\" ><div id=\"panel-721-10-0-0\" class=\"so-panel widget widget_sow-editor panel-first-child panel-last-child\" data-index=\"15\" ><div style=\"text-align: left;\" data-title-color=\"#443f3f\" data-headings-color=\"#443f3f\" class=\"panel-widget-style panel-widget-style-for-721-10-0-0\" ><div class=\"so-widget-sow-editor so-widget-sow-editor-base\"><h3 class=\"widget-title\">On the side of ethologists and veterinarians<\/h3>\n<div class=\"siteorigin-widget-tinymce textwidget\">\n\t<\/div>\n<\/div><\/div><\/div><\/div><\/div><\/div><div id=\"pg-721-11\"  class=\"panel-grid panel-has-style\" ><div style=\"border-bottom: 1px solid #000000;padding: 30px 0; \" data-overlay=\"true\" data-overlay-color=\"#000000\" class=\"panel-row-style panel-row-style-for-721-11\" ><div id=\"pgc-721-11-0\"  class=\"panel-grid-cell\" ><div id=\"panel-721-11-0-0\" class=\"so-panel widget widget_sow-editor panel-first-child panel-last-child\" data-index=\"16\" ><div style=\"text-align: left;\" data-title-color=\"#443f3f\" data-headings-color=\"#443f3f\" class=\"panel-widget-style panel-widget-style-for-721-11-0-0\" ><div class=\"so-widget-sow-editor so-widget-sow-editor-base\">\n<div class=\"siteorigin-widget-tinymce textwidget\">\n\t<p>The KDOG method is based, in particular, on veterinary and ethological studies. Thus, the team is supported by <strong>Caroline GILBERT<\/strong>, veterinarian and ethologist specialised in animal welfare, and <strong>Val\u00e9rie FREICHE<\/strong>, veterinarian specialising in gastrointestinal diseases.<\/p>\n<\/div>\n<\/div><\/div><\/div><\/div><div id=\"pgc-721-11-1\"  class=\"panel-grid-cell\" ><div id=\"panel-721-11-1-0\" class=\"so-panel widget widget_sydney_video_widget sydney_video_widget_widget panel-first-child panel-last-child\" data-index=\"17\" ><div style=\"text-align: left;\" data-title-color=\"#443f3f\" data-headings-color=\"#443f3f\" class=\"panel-widget-style panel-widget-style-for-721-11-1-0\" ><div class=\"sydney-video vid-normal\"><div class=\"video-overlay\"><div class=\"sydney-video-inner\"><span class=\"close-popup\"><i class=\"fa fa-times\"><\/i><\/span><iframe title=\"KDOG - Pr Caroline GILBERT - Ethologue\" width=\"1170\" height=\"658\" src=\"https:\/\/www.youtube.com\/embed\/ptEkGVTI43A?feature=oembed\" frameborder=\"0\" allow=\"accelerometer; autoplay; clipboard-write; encrypted-media; gyroscope; picture-in-picture; web-share\" referrerpolicy=\"strict-origin-when-cross-origin\" allowfullscreen><\/iframe><\/div><\/div><div class=\"video-text\"><\/div><a href=\"#\" class=\"toggle-popup\"><i class=\"fa fa-play\"><\/i><\/a><\/div><\/div><\/div><\/div><div id=\"pgc-721-11-2\"  class=\"panel-grid-cell\" ><div id=\"panel-721-11-2-0\" class=\"so-panel widget widget_sydney_video_widget sydney_video_widget_widget panel-first-child panel-last-child\" data-index=\"18\" ><div style=\"text-align: left;\" data-title-color=\"#443f3f\" data-headings-color=\"#443f3f\" class=\"panel-widget-style panel-widget-style-for-721-11-2-0\" ><div class=\"sydney-video vid-normal\"><div class=\"video-overlay\"><div class=\"sydney-video-inner\"><span class=\"close-popup\"><i class=\"fa fa-times\"><\/i><\/span><iframe title=\"KDOG - Val\u00e9rie FREICHE - V\u00e9t\u00e9rinaire\" width=\"1170\" height=\"658\" src=\"https:\/\/www.youtube.com\/embed\/dViB3M0breY?feature=oembed\" frameborder=\"0\" allow=\"accelerometer; autoplay; clipboard-write; encrypted-media; gyroscope; picture-in-picture; web-share\" referrerpolicy=\"strict-origin-when-cross-origin\" allowfullscreen><\/iframe><\/div><\/div><div class=\"video-text\"><\/div><a href=\"#\" class=\"toggle-popup\"><i class=\"fa fa-play\"><\/i><\/a><\/div><\/div><\/div><\/div><\/div><\/div><div id=\"pg-721-12\"  class=\"panel-grid panel-has-style\" ><div style=\"padding: 0px 0; \" data-overlay=\"true\" data-overlay-color=\"#000000\" class=\"panel-row-style panel-row-style-for-721-12\" ><div id=\"pgc-721-12-0\"  class=\"panel-grid-cell\" ><div id=\"panel-721-12-0-0\" class=\"so-panel widget widget_sow-editor panel-first-child panel-last-child\" data-index=\"19\" ><div style=\"text-align: left;\" data-title-color=\"#443f3f\" data-headings-color=\"#443f3f\" class=\"panel-widget-style panel-widget-style-for-721-12-0-0\" ><div class=\"so-widget-sow-editor so-widget-sow-editor-base\"><h3 class=\"widget-title\">Parallel view<\/h3>\n<div class=\"siteorigin-widget-tinymce textwidget\">\n\t<\/div>\n<\/div><\/div><\/div><\/div><\/div><\/div><div id=\"pg-721-13\"  class=\"panel-grid panel-has-style\" ><div style=\"border-bottom: 1px solid #000000;padding: 30px 0; \" data-overlay=\"true\" data-overlay-color=\"#000000\" class=\"panel-row-style panel-row-style-for-721-13\" ><div id=\"pgc-721-13-0\"  class=\"panel-grid-cell\" ><div id=\"panel-721-13-0-0\" class=\"so-panel widget widget_sow-editor panel-first-child panel-last-child\" data-index=\"20\" ><div style=\"text-align: left;\" data-title-color=\"#443f3f\" data-headings-color=\"#443f3f\" class=\"panel-widget-style panel-widget-style-for-721-13-0-0\" ><div class=\"so-widget-sow-editor so-widget-sow-editor-base\">\n<div class=\"siteorigin-widget-tinymce textwidget\">\n\t<p>An associate professor of medicine and former senator, <strong>Claude HURIET<\/strong> has worked on bioethical issues, whether through the law on the protection of persons involved in biomedical research bearing his name or through his participation in various French and international bioethics committees. He was also President of the Curie Institute until 2013 and is one of the project's great ambassadors.<\/p>\n<\/div>\n<\/div><\/div><\/div><\/div><div id=\"pgc-721-13-1\"  class=\"panel-grid-cell\" ><div id=\"panel-721-13-1-0\" class=\"so-panel widget widget_sydney_video_widget sydney_video_widget_widget panel-first-child panel-last-child\" data-index=\"21\" ><div style=\"text-align: left;\" data-title-color=\"#443f3f\" data-headings-color=\"#443f3f\" class=\"panel-widget-style panel-widget-style-for-721-13-1-0\" ><div class=\"sydney-video vid-normal\"><div class=\"video-overlay\"><div class=\"sydney-video-inner\"><span class=\"close-popup\"><i class=\"fa fa-times\"><\/i><\/span><iframe title=\"KDOG - PR Claude HURIET\" width=\"1170\" height=\"658\" src=\"https:\/\/www.youtube.com\/embed\/C5QO0pvjZTc?feature=oembed\" frameborder=\"0\" allow=\"accelerometer; autoplay; clipboard-write; encrypted-media; gyroscope; picture-in-picture; web-share\" referrerpolicy=\"strict-origin-when-cross-origin\" allowfullscreen><\/iframe><\/div><\/div><div class=\"video-text\"><\/div><a href=\"#\" class=\"toggle-popup\"><i class=\"fa fa-play\"><\/i><\/a><\/div><\/div><\/div><\/div><\/div><\/div><\/div>","protected":false},"excerpt":{"rendered":"<p>The KDOG team validated a proof of concept in 2017-2018 with 2 dogs which in more than 90% of cases found the sample carried by sick women among samples of women without cancer. This is exceptional and seems to prove that the dogs do detect something, but it is not enough. We must now move [&hellip;]<\/p>\n","protected":false},"author":1,"featured_media":0,"parent":0,"menu_order":0,"comment_status":"closed","ping_status":"closed","template":"page-templates\/page_front-page.php","meta":[],"_links":{"self":[{"href":"https:\/\/kdog.eu\/index.php\/wp-json\/wp\/v2\/pages\/721"}],"collection":[{"href":"https:\/\/kdog.eu\/index.php\/wp-json\/wp\/v2\/pages"}],"about":[{"href":"https:\/\/kdog.eu\/index.php\/wp-json\/wp\/v2\/types\/page"}],"author":[{"embeddable":true,"href":"https:\/\/kdog.eu\/index.php\/wp-json\/wp\/v2\/users\/1"}],"replies":[{"embeddable":true,"href":"https:\/\/kdog.eu\/index.php\/wp-json\/wp\/v2\/comments?post=721"}],"version-history":[{"count":28,"href":"https:\/\/kdog.eu\/index.php\/wp-json\/wp\/v2\/pages\/721\/revisions"}],"predecessor-version":[{"id":1067,"href":"https:\/\/kdog.eu\/index.php\/wp-json\/wp\/v2\/pages\/721\/revisions\/1067"}],"wp:attachment":[{"href":"https:\/\/kdog.eu\/index.php\/wp-json\/wp\/v2\/media?parent=721"}],"curies":[{"name":"wp","href":"https:\/\/api.w.org\/{rel}","templated":true}]}}