{"id":525,"date":"2020-09-25T14:37:16","date_gmt":"2020-09-25T12:37:16","guid":{"rendered":"http:\/\/kdog.eu\/?page_id=525"},"modified":"2020-10-05T10:11:37","modified_gmt":"2020-10-05T08:11:37","slug":"recherche-translationnelle","status":"publish","type":"page","link":"https:\/\/kdog.eu\/index.php\/recherche-translationnelle\/","title":{"rendered":"Recherche translationnelle"},"content":{"rendered":"<div id=\"pl-525\"  class=\"panel-layout\" ><div id=\"pg-525-0\"  class=\"panel-grid panel-has-style\" ><div style=\"padding: 100px 0; \" data-overlay=\"true\" class=\"panel-row-style panel-row-style-for-525-0\" ><div id=\"pgc-525-0-0\"  class=\"panel-grid-cell\" ><div id=\"panel-525-0-0-0\" class=\"so-panel widget widget_sow-editor panel-first-child panel-last-child\" data-index=\"0\" ><div style=\"text-align: left;\" data-title-color=\"#dd9933\" data-headings-color=\"#443f3f\" class=\"panel-widget-style panel-widget-style-for-525-0-0-0\" ><div class=\"so-widget-sow-editor so-widget-sow-editor-base\"><h3 class=\"widget-title\">Focus sur une recherche translationnelle : KDOG COV<\/h3>\n<div class=\"siteorigin-widget-tinymce textwidget\">\n\t<blockquote>\n<p>Une autre approche pour la d\u00e9tection du cancer par les odeurs consiste \u00e0 chercher la signature chimique du cancer du sein par l'analyse des COVs, c'est \u00e0 dire l'ensemble de mol\u00e9cules qui composent l'odeur.<\/p>\n<p>Nous avons lanc\u00e9 KDOG2, r\u00e9cemment rebaptis\u00e9 KDOG COV (compos\u00e9s organiques volatils). Une premi\u00e8re campagne de pr\u00e9l\u00e8vements a \u00e9t\u00e9 effectu\u00e9e. Suite \u00e0 leur analyse chimique puis par des m\u00e9thodes de data science, les premiers r\u00e9sultats sont encourageants. Sont-ils v\u00e9ritablement li\u00e9s \u00e0 la pr\u00e9sence d'un cancer ou avons nous tout simplement des biais de mesure ? L'avenir le dira...<\/p>\n<\/blockquote>\n<\/div>\n<\/div><\/div><\/div><\/div><\/div><\/div><div id=\"pg-525-1\"  class=\"panel-grid panel-has-style\" ><div style=\"padding: 0px 0; \" data-overlay=\"true\" data-overlay-color=\"#000000\" class=\"panel-row-style panel-row-style-for-525-1\" ><div id=\"pgc-525-1-0\"  class=\"panel-grid-cell\" ><div id=\"panel-525-1-0-0\" class=\"so-panel widget widget_sow-editor panel-first-child panel-last-child\" data-index=\"1\" ><div style=\"text-align: left;\" data-title-color=\"#443f3f\" data-headings-color=\"#443f3f\" class=\"panel-widget-style panel-widget-style-for-525-1-0-0\" ><div class=\"so-widget-sow-editor so-widget-sow-editor-base\"><h3 class=\"widget-title\">Une recherche de pointe r\u00e9alis\u00e9e en partenariat avec l&#039;IRCGN<\/h3>\n<div class=\"siteorigin-widget-tinymce textwidget\">\n\t<p>KDOG COV travaille main dans la main avec l\u2019<a href=\"https:\/\/www.gendarmerie.interieur.gouv.fr\/pjgn\/ircgn\" target=\"_blank\" rel=\"noopener noreferrer\"><strong>Institut de Recherche Criminelle de la Gendarmerie Nationale<\/strong><\/a> pour identifier l'empreinte olfactive du cancer du sein par la chimie analytique. Le <strong>G\u00e9n\u00e9ral Patrick TOURON<\/strong>, le <strong>Lieutenant Colonel Guillaume COGNON<\/strong>, et le <strong>Capitaine Vincent CUZUEL<\/strong> du d\u00e9partement Environnement-Incendies-Explosifs, tentent d'identifier aux c\u00f4t\u00e9s de l'Institut Curie la signature chimique du cancer \u00e0 l'aide de marqueurs.<\/p>\n<\/div>\n<\/div><\/div><\/div><\/div><\/div><\/div><div id=\"pg-525-2\"  class=\"panel-grid panel-has-style\" ><div style=\"border-bottom: 1px solid #000000;padding: 30px 0; \" data-overlay=\"true\" data-overlay-color=\"#000000\" class=\"panel-row-style panel-row-style-for-525-2\" ><div id=\"pgc-525-2-0\"  class=\"panel-grid-cell\" ><div id=\"panel-525-2-0-0\" class=\"so-panel widget widget_sydney_video_widget sydney_video_widget_widget panel-first-child panel-last-child\" data-index=\"2\" ><div style=\"text-align: left;\" data-title-color=\"#443f3f\" data-headings-color=\"#443f3f\" class=\"panel-widget-style panel-widget-style-for-525-2-0-0\" ><div class=\"sydney-video vid-normal\"><div class=\"video-overlay\"><div class=\"sydney-video-inner\"><span class=\"close-popup\"><i class=\"fa fa-times\"><\/i><\/span><iframe title=\"KDOG COV - GENERAL PATRICK TOURON\" width=\"1170\" height=\"658\" src=\"https:\/\/www.youtube.com\/embed\/-tJ9aXFc1MY?feature=oembed\" frameborder=\"0\" allow=\"accelerometer; autoplay; clipboard-write; encrypted-media; gyroscope; picture-in-picture; web-share\" referrerpolicy=\"strict-origin-when-cross-origin\" allowfullscreen><\/iframe><\/div><\/div><div class=\"video-text\"><\/div><a href=\"#\" class=\"toggle-popup\"><i class=\"fa fa-play\"><\/i><\/a><\/div><\/div><\/div><\/div><div id=\"pgc-525-2-1\"  class=\"panel-grid-cell\" ><div id=\"panel-525-2-1-0\" class=\"so-panel widget widget_sydney_video_widget sydney_video_widget_widget panel-first-child panel-last-child\" data-index=\"3\" ><div style=\"text-align: left;\" data-title-color=\"#443f3f\" data-headings-color=\"#443f3f\" class=\"panel-widget-style panel-widget-style-for-525-2-1-0\" ><div class=\"sydney-video vid-normal\"><div class=\"video-overlay\"><div class=\"sydney-video-inner\"><span class=\"close-popup\"><i class=\"fa fa-times\"><\/i><\/span><iframe title=\"KDOG COV - LIEUTENANT COLONEL GUILLAUME COGNON IRCGN\" width=\"1170\" height=\"658\" src=\"https:\/\/www.youtube.com\/embed\/KR_106BR6qk?feature=oembed\" frameborder=\"0\" allow=\"accelerometer; autoplay; clipboard-write; encrypted-media; gyroscope; picture-in-picture; web-share\" referrerpolicy=\"strict-origin-when-cross-origin\" allowfullscreen><\/iframe><\/div><\/div><div class=\"video-text\"><\/div><a href=\"#\" class=\"toggle-popup\"><i class=\"fa fa-play\"><\/i><\/a><\/div><\/div><\/div><\/div><div id=\"pgc-525-2-2\"  class=\"panel-grid-cell\" ><div id=\"panel-525-2-2-0\" class=\"so-panel widget widget_sydney_video_widget sydney_video_widget_widget panel-first-child panel-last-child\" data-index=\"4\" ><div style=\"text-align: left;\" data-title-color=\"#443f3f\" data-headings-color=\"#443f3f\" class=\"panel-widget-style panel-widget-style-for-525-2-2-0\" ><div class=\"sydney-video vid-normal\"><div class=\"video-overlay\"><div class=\"sydney-video-inner\"><span class=\"close-popup\"><i class=\"fa fa-times\"><\/i><\/span><iframe title=\"KDOG COV - Capitaine VINCENT CLUZEL\" width=\"1170\" height=\"658\" src=\"https:\/\/www.youtube.com\/embed\/GX2_GnlHopo?feature=oembed\" frameborder=\"0\" allow=\"accelerometer; autoplay; clipboard-write; encrypted-media; gyroscope; picture-in-picture; web-share\" referrerpolicy=\"strict-origin-when-cross-origin\" allowfullscreen><\/iframe><\/div><\/div><div class=\"video-text\"><\/div><a href=\"#\" class=\"toggle-popup\"><i class=\"fa fa-play\"><\/i><\/a><\/div><\/div><\/div><\/div><\/div><\/div><div id=\"pg-525-3\"  class=\"panel-grid panel-has-style\" ><div style=\"padding: 0px 0; \" data-overlay=\"true\" data-overlay-color=\"#000000\" class=\"panel-row-style panel-row-style-for-525-3\" ><div id=\"pgc-525-3-0\"  class=\"panel-grid-cell\" ><div id=\"panel-525-3-0-0\" class=\"so-panel widget widget_sow-editor panel-first-child panel-last-child\" data-index=\"5\" ><div style=\"text-align: left;\" data-title-color=\"#443f3f\" data-headings-color=\"#443f3f\" class=\"panel-widget-style panel-widget-style-for-525-3-0-0\" ><div class=\"so-widget-sow-editor so-widget-sow-editor-base\"><h3 class=\"widget-title\">Trouver une aiguille dans une botte de foin - l&#039;apport de la data science<\/h3>\n<div class=\"siteorigin-widget-tinymce textwidget\">\n\t<\/div>\n<\/div><\/div><\/div><\/div><\/div><\/div><div id=\"pg-525-4\"  class=\"panel-grid panel-has-style\" ><div style=\"border-bottom: 1px solid #000000;padding: 30px 0; \" data-overlay=\"true\" data-overlay-color=\"#000000\" class=\"panel-row-style panel-row-style-for-525-4\" ><div id=\"pgc-525-4-0\"  class=\"panel-grid-cell\" ><div id=\"panel-525-4-0-0\" class=\"so-panel widget widget_sow-editor panel-first-child panel-last-child\" data-index=\"6\" ><div style=\"text-align: left;\" data-title-color=\"#443f3f\" data-headings-color=\"#443f3f\" class=\"panel-widget-style panel-widget-style-for-525-4-0-0\" ><div class=\"so-widget-sow-editor so-widget-sow-editor-base\">\n<div class=\"siteorigin-widget-tinymce textwidget\">\n\t<p>Codirecteur adjoint CEpiA, responsable de l\u2019axe \u00ab M\u00e9thodes, Mesure et EBM \u00bb, Pr\u00e9sident de la coll\u00e9giale de sant\u00e9 publique, et\u00a0Epid\u00e9miologiste \u00e0 l\u2019h\u00f4pital Henri-Mondor \u00e0 Cr\u00e9teil, <strong>Etienne AUDUREAU<\/strong> a r\u00e9cemment rejoint le projet pour venir pr\u00eater main forte sur l'aspect data science.<\/p>\n<\/div>\n<\/div><\/div><\/div><\/div><div id=\"pgc-525-4-1\"  class=\"panel-grid-cell\" ><div id=\"panel-525-4-1-0\" class=\"so-panel widget widget_sydney_video_widget sydney_video_widget_widget panel-first-child panel-last-child\" data-index=\"7\" ><div style=\"text-align: left;\" data-title-color=\"#443f3f\" data-headings-color=\"#443f3f\" class=\"panel-widget-style panel-widget-style-for-525-4-1-0\" ><div class=\"sydney-video vid-normal\"><div class=\"video-overlay\"><div class=\"sydney-video-inner\"><span class=\"close-popup\"><i class=\"fa fa-times\"><\/i><\/span><iframe title=\"KDOG - PR Etienne AUDUREAU\" width=\"1170\" height=\"658\" src=\"https:\/\/www.youtube.com\/embed\/UnlFS5QckXI?feature=oembed\" frameborder=\"0\" allow=\"accelerometer; autoplay; clipboard-write; encrypted-media; gyroscope; picture-in-picture; web-share\" referrerpolicy=\"strict-origin-when-cross-origin\" allowfullscreen><\/iframe><\/div><\/div><div class=\"video-text\"><\/div><a href=\"#\" class=\"toggle-popup\"><i class=\"fa fa-play\"><\/i><\/a><\/div><\/div><\/div><\/div><\/div><\/div><\/div>","protected":false},"excerpt":{"rendered":"<p>Une autre approche pour la d\u00e9tection du cancer par les odeurs consiste \u00e0 chercher la signature chimique du cancer du sein par l&#8217;analyse des COVs, c&#8217;est \u00e0 dire l&#8217;ensemble de mol\u00e9cules qui composent l&#8217;odeur. Nous avons lanc\u00e9 KDOG2, r\u00e9cemment rebaptis\u00e9 KDOG COV (compos\u00e9s organiques volatils). Une premi\u00e8re campagne de pr\u00e9l\u00e8vements a \u00e9t\u00e9 effectu\u00e9e. Suite \u00e0 [&hellip;]<\/p>\n","protected":false},"author":1,"featured_media":0,"parent":0,"menu_order":0,"comment_status":"closed","ping_status":"closed","template":"page-templates\/page_front-page.php","meta":[],"_links":{"self":[{"href":"https:\/\/kdog.eu\/index.php\/wp-json\/wp\/v2\/pages\/525"}],"collection":[{"href":"https:\/\/kdog.eu\/index.php\/wp-json\/wp\/v2\/pages"}],"about":[{"href":"https:\/\/kdog.eu\/index.php\/wp-json\/wp\/v2\/types\/page"}],"author":[{"embeddable":true,"href":"https:\/\/kdog.eu\/index.php\/wp-json\/wp\/v2\/users\/1"}],"replies":[{"embeddable":true,"href":"https:\/\/kdog.eu\/index.php\/wp-json\/wp\/v2\/comments?post=525"}],"version-history":[{"count":41,"href":"https:\/\/kdog.eu\/index.php\/wp-json\/wp\/v2\/pages\/525\/revisions"}],"predecessor-version":[{"id":978,"href":"https:\/\/kdog.eu\/index.php\/wp-json\/wp\/v2\/pages\/525\/revisions\/978"}],"wp:attachment":[{"href":"https:\/\/kdog.eu\/index.php\/wp-json\/wp\/v2\/media?parent=525"}],"curies":[{"name":"wp","href":"https:\/\/api.w.org\/{rel}","templated":true}]}}