{"id":5,"date":"2020-09-11T11:10:54","date_gmt":"2020-09-11T09:10:54","guid":{"rendered":"http:\/\/kdog.eu\/?page_id=5"},"modified":"2020-10-05T10:58:03","modified_gmt":"2020-10-05T08:58:03","slug":"accueil","status":"publish","type":"page","link":"https:\/\/kdog.eu\/","title":{"rendered":"Accueil"},"content":{"rendered":"<div id=\"pl-5\"  class=\"panel-layout\" ><div id=\"pg-5-0\"  class=\"panel-grid panel-has-style\" ><div style=\"padding: 100px 0; \" data-overlay=\"true\" class=\"panel-row-style panel-row-style-for-5-0\" ><div id=\"pgc-5-0-0\"  class=\"panel-grid-cell\" ><div id=\"panel-5-0-0-0\" class=\"so-panel widget widget_sow-editor panel-first-child panel-last-child\" data-index=\"0\" ><div style=\"text-align: left;\" data-title-color=\"#dd9933\" data-headings-color=\"#443f3f\" class=\"panel-widget-style panel-widget-style-for-5-0-0-0\" ><div class=\"so-widget-sow-editor so-widget-sow-editor-base\"><h3 class=\"widget-title\">KDOG - Un nouveau point d&#039;\u00e9tape<\/h3>\n<div class=\"siteorigin-widget-tinymce textwidget\">\n\t<blockquote>\n<p>KDOG est un projet de recherche men\u00e9 \u00e0 l\u2019Institut Curie sur la d\u00e9tection du cancer du sein par les odeurs.<\/p>\n<p>Afin d'informer de l\u2019avanc\u00e9e de nos travaux, l\u2019\u00e9quipe KDOG a d\u00e9cid\u00e9 de publier sur cette page un \u00e9tat des lieux de ses projets.<\/p>\n<\/blockquote>\n<\/div>\n<\/div><\/div><\/div><\/div><\/div><\/div><div id=\"pg-5-1\"  class=\"panel-grid panel-has-style\" ><div style=\"padding: 0px 0; \" data-overlay=\"true\" data-overlay-color=\"#000000\" class=\"panel-row-style panel-row-style-for-5-1\" ><div id=\"pgc-5-1-0\"  class=\"panel-grid-cell\" ><div id=\"panel-5-1-0-0\" class=\"so-panel widget widget_sow-editor panel-first-child panel-last-child\" data-index=\"1\" ><div style=\"text-align: left;\" data-title-color=\"#443f3f\" data-headings-color=\"#443f3f\" class=\"panel-widget-style panel-widget-style-for-5-1-0-0\" ><div class=\"so-widget-sow-editor so-widget-sow-editor-base\"><h3 class=\"widget-title\">Le mot d&#039;Isabelle Fromantin<\/h3>\n<div class=\"siteorigin-widget-tinymce textwidget\">\n\t<\/div>\n<\/div><\/div><\/div><\/div><\/div><\/div><div id=\"pg-5-2\"  class=\"panel-grid panel-has-style\" ><div style=\"border-bottom: 1px solid #000000;padding: 30px 0; \" data-overlay=\"true\" data-overlay-color=\"#000000\" class=\"panel-row-style panel-row-style-for-5-2\" ><div id=\"pgc-5-2-0\"  class=\"panel-grid-cell\" ><div id=\"panel-5-2-0-0\" class=\"so-panel widget widget_sow-editor panel-first-child panel-last-child\" data-index=\"2\" ><div style=\"text-align: left;\" data-title-color=\"#443f3f\" data-headings-color=\"#443f3f\" class=\"panel-widget-style panel-widget-style-for-5-2-0-0\" ><div class=\"so-widget-sow-editor so-widget-sow-editor-base\">\n<div class=\"siteorigin-widget-tinymce textwidget\">\n\t<p><strong>Isabelle FROMANTIN<\/strong>, infirmi\u00e8re et docteure en sciences exer\u00e7ant au sein de l'Unit\u00e9 Recherche Plaies et Cicatrisation de l\u2019Institut Curie, m\u00e8ne en 2012 une th\u00e8se sur les plaies tumorales. De l\u00e0 \u00e9merge l\u2019id\u00e9e du projet qu\u2019elle m\u00e8ne depuis 2015 : KDOG.<\/p>\n<\/div>\n<\/div><\/div><\/div><\/div><div id=\"pgc-5-2-1\"  class=\"panel-grid-cell\" ><div id=\"panel-5-2-1-0\" class=\"so-panel widget widget_sydney_video_widget sydney_video_widget_widget panel-first-child panel-last-child\" data-index=\"3\" ><div style=\"text-align: left;\" data-title-color=\"#443f3f\" data-headings-color=\"#443f3f\" class=\"panel-widget-style panel-widget-style-for-5-2-1-0\" ><div class=\"sydney-video vid-normal\"><div class=\"video-overlay\"><div class=\"sydney-video-inner\"><span class=\"close-popup\"><i class=\"fa fa-times\"><\/i><\/span><iframe title=\"KDOG - Isabelle FROMANTIN - INTRO\" width=\"1170\" height=\"658\" src=\"https:\/\/www.youtube.com\/embed\/IdXzoKlwTnU?feature=oembed\" frameborder=\"0\" allow=\"accelerometer; autoplay; clipboard-write; encrypted-media; gyroscope; picture-in-picture; web-share\" referrerpolicy=\"strict-origin-when-cross-origin\" allowfullscreen><\/iframe><\/div><\/div><div class=\"video-text\"><\/div><a href=\"#\" class=\"toggle-popup\"><i class=\"fa fa-play\"><\/i><\/a><\/div><\/div><\/div><\/div><\/div><\/div><div id=\"pg-5-3\"  class=\"panel-grid panel-has-style\" ><div style=\"padding: 0px 0; \" data-overlay=\"true\" data-overlay-color=\"#000000\" class=\"panel-row-style panel-row-style-for-5-3\" ><div id=\"pgc-5-3-0\"  class=\"panel-grid-cell\" ><div id=\"panel-5-3-0-0\" class=\"so-panel widget widget_sow-editor panel-first-child panel-last-child\" data-index=\"4\" ><div style=\"text-align: left;\" data-title-color=\"#443f3f\" data-headings-color=\"#443f3f\" class=\"panel-widget-style panel-widget-style-for-5-3-0-0\" ><div class=\"so-widget-sow-editor so-widget-sow-editor-base\"><h3 class=\"widget-title\">Un point sur les projets<\/h3>\n<div class=\"siteorigin-widget-tinymce textwidget\">\n\t<p>Dans KDOG plusieurs projets de recherche ont lieu et vont soulever des questions et engendrer de nouvelles \u00e9tudes.<\/p>\n<p>L'approche que vous connaissez sans doute est celle qui consiste \u00e0 \u00e9valuer la capacit\u00e9 de chiens entra\u00een\u00e9s \u00e0 d\u00e9tecter des \u00e9chantillons de sueurs provenant de femmes atteintes d'un cancer du sein. Une autre approche que vous retrouverez \u00e9galement ici consiste \u00e0 chercher la signature chimique du cancer du sein par l'analyse des COVs, c'est \u00e0 dire l'ensemble de mol\u00e9cules qui composent l'odeur.<\/p>\n<\/div>\n<\/div><\/div><\/div><\/div><\/div><\/div><div id=\"pg-5-4\"  class=\"panel-grid panel-has-style\" ><div style=\"border-bottom: 1px solid #000000;padding: 30px 0; \" data-overlay=\"true\" data-overlay-color=\"#000000\" class=\"panel-row-style panel-row-style-for-5-4\" ><div id=\"pgc-5-4-0\"  class=\"panel-grid-cell\" ><div id=\"panel-5-4-0-0\" class=\"so-panel widget widget_sow-editor panel-first-child panel-last-child\" data-index=\"5\" ><div style=\"text-align: left;\" data-title-color=\"#443f3f\" data-headings-color=\"#443f3f\" class=\"panel-widget-style panel-widget-style-for-5-4-0-0\" ><div class=\"so-widget-sow-editor so-widget-sow-editor-base\">\n<div class=\"siteorigin-widget-tinymce textwidget\">\n\t<p><strong>Pierre BAU\u00cbR<\/strong> est chef de projet et directeur scientifique de KDOG. Ing\u00e9nieur et titulaire d\u2019un master de physique de l\u2019ENS, d\u2019un doctorat de biophysique de l\u2019Universit\u00e9 Pierre et Marie Curie et d\u2019un MBA, il a rejoint KDOG en 2018 apr\u00e8s quelques ann\u00e9es dans l\u2019industrie.<\/p>\n<\/div>\n<\/div><\/div><\/div><\/div><div id=\"pgc-5-4-1\"  class=\"panel-grid-cell\" ><div id=\"panel-5-4-1-0\" class=\"so-panel widget widget_sydney_video_widget sydney_video_widget_widget panel-first-child panel-last-child\" data-index=\"6\" ><div style=\"text-align: left;\" data-title-color=\"#443f3f\" data-headings-color=\"#443f3f\" class=\"panel-widget-style panel-widget-style-for-5-4-1-0\" ><div class=\"sydney-video vid-normal\"><div class=\"video-overlay\"><div class=\"sydney-video-inner\"><span class=\"close-popup\"><i class=\"fa fa-times\"><\/i><\/span><iframe title=\"KDOG - Pierre BAU\u00cbR\" width=\"1170\" height=\"658\" src=\"https:\/\/www.youtube.com\/embed\/KknvaDh6-cM?feature=oembed\" frameborder=\"0\" allow=\"accelerometer; autoplay; clipboard-write; encrypted-media; gyroscope; picture-in-picture; web-share\" referrerpolicy=\"strict-origin-when-cross-origin\" allowfullscreen><\/iframe><\/div><\/div><div class=\"video-text\"><\/div><a href=\"#\" class=\"toggle-popup\"><i class=\"fa fa-play\"><\/i><\/a><\/div><\/div><\/div><\/div><\/div><\/div><div id=\"pg-5-5\"  class=\"panel-grid panel-has-style\" ><div style=\"padding: 0px 0; \" data-overlay=\"true\" data-overlay-color=\"#000000\" class=\"panel-row-style panel-row-style-for-5-5\" ><div id=\"pgc-5-5-0\"  class=\"panel-grid-cell\" ><div id=\"panel-5-5-0-0\" class=\"so-panel widget widget_sow-editor panel-first-child panel-last-child\" data-index=\"7\" ><div style=\"text-align: left;\" data-title-color=\"#443f3f\" data-headings-color=\"#443f3f\" class=\"panel-widget-style panel-widget-style-for-5-5-0-0\" ><div class=\"so-widget-sow-editor so-widget-sow-editor-base\"><h3 class=\"widget-title\">Regard parall\u00e8le<\/h3>\n<div class=\"siteorigin-widget-tinymce textwidget\">\n\t<\/div>\n<\/div><\/div><\/div><\/div><\/div><\/div><div id=\"pg-5-6\"  class=\"panel-grid panel-has-style\" ><div style=\"padding: 30px 0; \" data-overlay=\"true\" data-overlay-color=\"#000000\" class=\"panel-row-style panel-row-style-for-5-6\" ><div id=\"pgc-5-6-0\"  class=\"panel-grid-cell\" ><div id=\"panel-5-6-0-0\" class=\"so-panel widget widget_sow-editor panel-first-child panel-last-child\" data-index=\"8\" ><div style=\"text-align: left;\" data-title-color=\"#443f3f\" data-headings-color=\"#443f3f\" class=\"panel-widget-style panel-widget-style-for-5-6-0-0\" ><div class=\"so-widget-sow-editor so-widget-sow-editor-base\">\n<div class=\"siteorigin-widget-tinymce textwidget\">\n\t<p>Professeur \u00e9m\u00e9rite de m\u00e9decine de l\u2019universit\u00e9 Paris-Descartes, <strong>Didier SICARD<\/strong> a pass\u00e9 une grande partie de sa carri\u00e8re \u00e0 traiter des questions \u00e9thiques biom\u00e9dicales. Il fut Pr\u00e9sident du Comit\u00e9 Consultatif National d\u2019\u00c9thique pour les Sciences de la Vie et de la Sant\u00e9. Il est l\u2019un des soutiens majeurs de KDOG.<\/p>\n<\/div>\n<\/div><\/div><\/div><\/div><div id=\"pgc-5-6-1\"  class=\"panel-grid-cell\" ><div id=\"panel-5-6-1-0\" class=\"so-panel widget widget_sydney_video_widget sydney_video_widget_widget panel-first-child panel-last-child\" data-index=\"9\" ><div style=\"text-align: left;\" data-title-color=\"#443f3f\" data-headings-color=\"#443f3f\" class=\"panel-widget-style panel-widget-style-for-5-6-1-0\" ><div class=\"sydney-video vid-normal\"><div class=\"video-overlay\"><div class=\"sydney-video-inner\"><span class=\"close-popup\"><i class=\"fa fa-times\"><\/i><\/span><iframe title=\"KDOG - Didier SICARD\" width=\"1170\" height=\"658\" src=\"https:\/\/www.youtube.com\/embed\/B9iH9qDKNmU?feature=oembed\" frameborder=\"0\" allow=\"accelerometer; autoplay; clipboard-write; encrypted-media; gyroscope; picture-in-picture; web-share\" referrerpolicy=\"strict-origin-when-cross-origin\" allowfullscreen><\/iframe><\/div><\/div><div class=\"video-text\"><\/div><a href=\"#\" class=\"toggle-popup\"><i class=\"fa fa-play\"><\/i><\/a><\/div><\/div><\/div><\/div><\/div><\/div><\/div>","protected":false},"excerpt":{"rendered":"<p>KDOG est un projet de recherche men\u00e9 \u00e0 l\u2019Institut Curie sur la d\u00e9tection du cancer du sein par les odeurs. Afin d&#8217;informer de l\u2019avanc\u00e9e de nos travaux, l\u2019\u00e9quipe KDOG a d\u00e9cid\u00e9 de publier sur cette page un \u00e9tat des lieux de ses projets.<\/p>\n","protected":false},"author":1,"featured_media":909,"parent":0,"menu_order":0,"comment_status":"closed","ping_status":"closed","template":"page-templates\/page_front-page.php","meta":[],"_links":{"self":[{"href":"https:\/\/kdog.eu\/index.php\/wp-json\/wp\/v2\/pages\/5"}],"collection":[{"href":"https:\/\/kdog.eu\/index.php\/wp-json\/wp\/v2\/pages"}],"about":[{"href":"https:\/\/kdog.eu\/index.php\/wp-json\/wp\/v2\/types\/page"}],"author":[{"embeddable":true,"href":"https:\/\/kdog.eu\/index.php\/wp-json\/wp\/v2\/users\/1"}],"replies":[{"embeddable":true,"href":"https:\/\/kdog.eu\/index.php\/wp-json\/wp\/v2\/comments?post=5"}],"version-history":[{"count":88,"href":"https:\/\/kdog.eu\/index.php\/wp-json\/wp\/v2\/pages\/5\/revisions"}],"predecessor-version":[{"id":933,"href":"https:\/\/kdog.eu\/index.php\/wp-json\/wp\/v2\/pages\/5\/revisions\/933"}],"wp:featuredmedia":[{"embeddable":true,"href":"https:\/\/kdog.eu\/index.php\/wp-json\/wp\/v2\/media\/909"}],"wp:attachment":[{"href":"https:\/\/kdog.eu\/index.php\/wp-json\/wp\/v2\/media?parent=5"}],"curies":[{"name":"wp","href":"https:\/\/api.w.org\/{rel}","templated":true}]}}