{"id":377,"date":"2020-09-14T15:12:59","date_gmt":"2020-09-14T13:12:59","guid":{"rendered":"http:\/\/kdog.eu\/?page_id=377"},"modified":"2020-10-05T10:40:06","modified_gmt":"2020-10-05T08:40:06","slug":"nouvelles-etudes-en-cours","status":"publish","type":"page","link":"https:\/\/kdog.eu\/index.php\/nouvelles-etudes-en-cours\/","title":{"rendered":"NOUVELLES ETUDES EN COURS"},"content":{"rendered":"<div id=\"pl-377\"  class=\"panel-layout\" ><div id=\"pg-377-0\"  class=\"panel-grid panel-has-style\" ><div style=\"padding: 100px 0; \" data-overlay=\"true\" class=\"panel-row-style panel-row-style-for-377-0\" ><div id=\"pgc-377-0-0\"  class=\"panel-grid-cell\" ><div id=\"panel-377-0-0-0\" class=\"so-panel widget widget_sow-editor panel-first-child panel-last-child\" data-index=\"0\" ><div style=\"text-align: left;\" data-title-color=\"#dd9933\" data-headings-color=\"#443f3f\" class=\"panel-widget-style panel-widget-style-for-377-0-0-0\" ><div class=\"so-widget-sow-editor so-widget-sow-editor-base\"><h3 class=\"widget-title\">Des \u00e9tudes \u00e0 venir<\/h3>\n<div class=\"siteorigin-widget-tinymce textwidget\">\n\t<blockquote>\n<p>Bien conscients des limites inh\u00e9rentes \u00e0 un tel travail d\u00e8s le d\u00e9but de notre recherche, mais n\u00e9anmoins\u00a0 contraints par des probl\u00e9matiques de co\u00fbts et\/ou de d\u00e9lais, les membres de l'\u00e9quipe ont \u0153uvr\u00e9 pour faire avancer le projet tout en gardant en t\u00eate que plusieurs \u00e9tudes ancillaires devraient t\u00f4t ou tard \u00eatre r\u00e9alis\u00e9es pour b\u00e2tir un socle de connaissances utiles \u00e0 toutes les recherches utilisant l'odeur pour d\u00e9tecter des maladies.<\/p>\n<\/blockquote>\n<\/div>\n<\/div><\/div><\/div><\/div><\/div><\/div><div id=\"pg-377-1\"  class=\"panel-grid panel-has-style\" ><div style=\"padding: 0px 0; \" data-overlay=\"true\" data-overlay-color=\"#000000\" class=\"panel-row-style panel-row-style-for-377-1\" ><div id=\"pgc-377-1-0\"  class=\"panel-grid-cell\" ><div id=\"panel-377-1-0-0\" class=\"so-panel widget widget_sow-editor panel-first-child panel-last-child\" data-index=\"1\" ><div style=\"text-align: left;\" data-title-color=\"#443f3f\" data-headings-color=\"#443f3f\" class=\"panel-widget-style panel-widget-style-for-377-1-0-0\" ><div class=\"so-widget-sow-editor so-widget-sow-editor-base\"><h3 class=\"widget-title\">De nouvelles \u00e9tudes - Vers un socle commun de connaissances<\/h3>\n<div class=\"siteorigin-widget-tinymce textwidget\">\n\t<\/div>\n<\/div><\/div><\/div><\/div><\/div><\/div><div id=\"pg-377-2\"  class=\"panel-grid panel-has-style\" ><div style=\"border-bottom: 1px solid #000000;padding: 30px 0; \" data-overlay=\"true\" data-overlay-color=\"#000000\" class=\"panel-row-style panel-row-style-for-377-2\" ><div id=\"pgc-377-2-0\"  class=\"panel-grid-cell\" ><div id=\"panel-377-2-0-0\" class=\"so-panel widget widget_sow-editor panel-first-child panel-last-child\" data-index=\"2\" ><div style=\"text-align: left;\" data-title-color=\"#443f3f\" data-headings-color=\"#443f3f\" class=\"panel-widget-style panel-widget-style-for-377-2-0-0\" ><div class=\"so-widget-sow-editor so-widget-sow-editor-base\">\n<div class=\"siteorigin-widget-tinymce textwidget\">\n\t<p>Nous le savons depuis le d\u00e9marrage, de nombreuses questions fondamentales restent sans r\u00e9ponse \u00e0 ce jour. L'\u00e9quipe KDOG propose de r\u00e9aliser des \u00e9tudes servant \u00e0 tout projet de recherche de maladies par les odeurs. Retrouvez ici les prochaines \u00e9tudes \u00e0 venir, pr\u00e9sent\u00e9es par <strong>Isabelle FROMANTIN<\/strong>.<\/p>\n<\/div>\n<\/div><\/div><\/div><\/div><div id=\"pgc-377-2-1\"  class=\"panel-grid-cell\" ><div id=\"panel-377-2-1-0\" class=\"so-panel widget widget_sydney_video_widget sydney_video_widget_widget panel-first-child panel-last-child\" data-index=\"3\" ><div style=\"text-align: left;\" data-title-color=\"#443f3f\" data-headings-color=\"#443f3f\" class=\"panel-widget-style panel-widget-style-for-377-2-1-0\" ><div class=\"sydney-video vid-normal\"><div class=\"video-overlay\"><div class=\"sydney-video-inner\"><span class=\"close-popup\"><i class=\"fa fa-times\"><\/i><\/span><iframe title=\"KDOG - Isabelle FROMANTIN - Perspectives\" width=\"1170\" height=\"658\" src=\"https:\/\/www.youtube.com\/embed\/2fjWGgCGv6A?feature=oembed\" frameborder=\"0\" allow=\"accelerometer; autoplay; clipboard-write; encrypted-media; gyroscope; picture-in-picture; web-share\" referrerpolicy=\"strict-origin-when-cross-origin\" allowfullscreen><\/iframe><\/div><\/div><div class=\"video-text\"><\/div><a href=\"#\" class=\"toggle-popup\"><i class=\"fa fa-play\"><\/i><\/a><\/div><\/div><\/div><\/div><\/div><\/div><div id=\"pg-377-3\"  class=\"panel-grid panel-has-style\" ><div style=\"padding: 0px 0; \" data-overlay=\"true\" data-overlay-color=\"#000000\" class=\"panel-row-style panel-row-style-for-377-3\" ><div id=\"pgc-377-3-0\"  class=\"panel-grid-cell\" ><div id=\"panel-377-3-0-0\" class=\"so-panel widget widget_sow-editor panel-first-child panel-last-child\" data-index=\"4\" ><div style=\"text-align: left;\" data-title-color=\"#443f3f\" data-headings-color=\"#443f3f\" class=\"panel-widget-style panel-widget-style-for-377-3-0-0\" ><div class=\"so-widget-sow-editor so-widget-sow-editor-base\"><h3 class=\"widget-title\">Can-KDOG : Explorer l&#039;influence de la m\u00e9thode d&#039;\u00e9ducation des chiens<\/h3>\n<div class=\"siteorigin-widget-tinymce textwidget\">\n\t<\/div>\n<\/div><\/div><\/div><\/div><\/div><\/div><div id=\"pg-377-4\"  class=\"panel-grid panel-has-style\" ><div style=\"border-bottom: 1px solid #000000;padding: 30px 0; \" data-overlay=\"true\" data-overlay-color=\"#000000\" class=\"panel-row-style panel-row-style-for-377-4\" ><div id=\"pgc-377-4-0\"  class=\"panel-grid-cell\" ><div id=\"panel-377-4-0-0\" class=\"so-panel widget widget_sow-editor panel-first-child panel-last-child\" data-index=\"5\" ><div style=\"text-align: left;\" data-title-color=\"#443f3f\" data-headings-color=\"#443f3f\" class=\"panel-widget-style panel-widget-style-for-377-4-0-0\" ><div class=\"so-widget-sow-editor so-widget-sow-editor-base\">\n<div class=\"siteorigin-widget-tinymce textwidget\">\n\t<p>Une \u00e9quipe canadienne souhaite reproduire \u00e0 sa mani\u00e8re la preuve de concept KDOG. L'objectif est d'\u00e9valuer l'impact de la m\u00e9thode d'\u00e9ducation des chiens sur les r\u00e9sultats.<\/p>\n<p>Titulaire d\u2019un PhD en Sciences biom\u00e9dicales de l\u2019Universit\u00e9 de Montr\u00e9al et d\u2019un doctorat d\u2019Universit\u00e9 en Pharmacologie de l\u2019Universit\u00e9 L. Paster de Lyon, <a href=\"https:\/\/fmv.umontreal.ca\/faculte\/departements\/biomedecine\/corps-professoral\/fiche\/in\/in14674\/sg\/\u00c9ric%20Troncy\/\" target=\"_blank\" rel=\"noopener noreferrer\"><strong>Eric TRONCY<\/strong><\/a> est aujourd\u2019hui directeur du groupe de recherche en pharmacologie animale du Qu\u00e9bec. Son travail se concentre sur la m\u00e9trologie de la douleur animale et son soulagement. Lui et ses partenaires souhaitent d\u00e9velopper un projet similaire \u00e0 KDOG, en faisant varier un param\u00e8tre : la m\u00e9thode d'\u00e9ducation des chiens. <a href=\"http:\/\/mathieulavallee.com\" target=\"_blank\" rel=\"noopener noreferrer\"><strong>Mathieu LAVALLEE<\/strong><\/a> est l'\u00e9ducateur canin qui sera en charge de cette nouvelle \u00e9tude au Qu\u00e9bec.<\/p>\n<\/div>\n<\/div><\/div><\/div><\/div><div id=\"pgc-377-4-1\"  class=\"panel-grid-cell\" ><div id=\"panel-377-4-1-0\" class=\"so-panel widget widget_sydney_video_widget sydney_video_widget_widget panel-first-child panel-last-child\" data-index=\"6\" ><div style=\"text-align: left;\" data-title-color=\"#443f3f\" data-headings-color=\"#443f3f\" class=\"panel-widget-style panel-widget-style-for-377-4-1-0\" ><div class=\"sydney-video vid-normal\"><div class=\"video-overlay\"><div class=\"sydney-video-inner\"><span class=\"close-popup\"><i class=\"fa fa-times\"><\/i><\/span><\/div><\/div><div class=\"video-text\"><\/div><a href=\"#\" class=\"toggle-popup\"><i class=\"fa fa-play\"><\/i><\/a><\/div><\/div><\/div><\/div><\/div><\/div><\/div>","protected":false},"excerpt":{"rendered":"<p>Bien conscients des limites inh\u00e9rentes \u00e0 un tel travail d\u00e8s le d\u00e9but de notre recherche, mais n\u00e9anmoins\u00a0 contraints par des probl\u00e9matiques de co\u00fbts et\/ou de d\u00e9lais, les membres de l&#8217;\u00e9quipe ont \u0153uvr\u00e9 pour faire avancer le projet tout en gardant en t\u00eate que plusieurs \u00e9tudes ancillaires devraient t\u00f4t ou tard \u00eatre r\u00e9alis\u00e9es pour b\u00e2tir un [&hellip;]<\/p>\n","protected":false},"author":2,"featured_media":0,"parent":0,"menu_order":0,"comment_status":"closed","ping_status":"closed","template":"page-templates\/page_front-page.php","meta":[],"_links":{"self":[{"href":"https:\/\/kdog.eu\/index.php\/wp-json\/wp\/v2\/pages\/377"}],"collection":[{"href":"https:\/\/kdog.eu\/index.php\/wp-json\/wp\/v2\/pages"}],"about":[{"href":"https:\/\/kdog.eu\/index.php\/wp-json\/wp\/v2\/types\/page"}],"author":[{"embeddable":true,"href":"https:\/\/kdog.eu\/index.php\/wp-json\/wp\/v2\/users\/2"}],"replies":[{"embeddable":true,"href":"https:\/\/kdog.eu\/index.php\/wp-json\/wp\/v2\/comments?post=377"}],"version-history":[{"count":51,"href":"https:\/\/kdog.eu\/index.php\/wp-json\/wp\/v2\/pages\/377\/revisions"}],"predecessor-version":[{"id":1004,"href":"https:\/\/kdog.eu\/index.php\/wp-json\/wp\/v2\/pages\/377\/revisions\/1004"}],"wp:attachment":[{"href":"https:\/\/kdog.eu\/index.php\/wp-json\/wp\/v2\/media?parent=377"}],"curies":[{"name":"wp","href":"https:\/\/api.w.org\/{rel}","templated":true}]}}