{"id":359,"date":"2020-09-14T15:10:25","date_gmt":"2020-09-14T13:10:25","guid":{"rendered":"http:\/\/kdog.eu\/?page_id=359"},"modified":"2020-10-05T13:55:18","modified_gmt":"2020-10-05T11:55:18","slug":"etude-clinique","status":"publish","type":"page","link":"https:\/\/kdog.eu\/index.php\/etude-clinique\/","title":{"rendered":"ETUDE CLINIQUE"},"content":{"rendered":"<div id=\"pl-359\"  class=\"panel-layout\" ><div id=\"pg-359-0\"  class=\"panel-grid panel-has-style\" ><div style=\"padding: 100px 0; \" data-overlay=\"true\" class=\"panel-row-style panel-row-style-for-359-0\" ><div id=\"pgc-359-0-0\"  class=\"panel-grid-cell\" ><div id=\"panel-359-0-0-0\" class=\"so-panel widget widget_sow-editor panel-first-child panel-last-child\" data-index=\"0\" ><div style=\"text-align: left;\" data-title-color=\"#dd9933\" data-headings-color=\"#443f3f\" class=\"panel-widget-style panel-widget-style-for-359-0-0-0\" ><div class=\"so-widget-sow-editor so-widget-sow-editor-base\"><h3 class=\"widget-title\">L&#039;\u00e9tude clinique<\/h3>\n<div class=\"siteorigin-widget-tinymce textwidget\">\n\t<blockquote>\n<p>L'\u00e9quipe KDOG a valid\u00e9 une preuve de concept en 2017-2018 avec 2 chiens qui dans plus de 90% des cas ont trouv\u00e9 l'\u00e9chantillon port\u00e9 par des femmes malades parmi des \u00e9chantillons de femmes non atteintes d'un cancer. C'est exceptionnel et cela semble prouver que les chiens d\u00e9tectent bien quelque chose, mais ce n'est pas suffisant. Il faut maintenant passer d'un concept \u00e0 un process, rigoureux, r\u00e9p\u00e9table, valid\u00e9 scientifiquement par la communaut\u00e9 m\u00e9dicale, ce qui impose de passer par la r\u00e9alisation d'une \u00e9tude clinique. Cette \u00e9tude clinique r\u00e9alis\u00e9e en multicentrique a commenc\u00e9 d\u00e9but 2020.<\/p>\n<\/blockquote>\n<\/div>\n<\/div><\/div><\/div><\/div><\/div><\/div><div id=\"pg-359-1\"  class=\"panel-grid panel-has-style\" ><div style=\"padding: 0px 0; \" data-overlay=\"true\" data-overlay-color=\"#000000\" class=\"panel-row-style panel-row-style-for-359-1\" ><div id=\"pgc-359-1-0\"  class=\"panel-grid-cell\" ><div id=\"panel-359-1-0-0\" class=\"so-panel widget widget_sow-editor panel-first-child panel-last-child\" data-index=\"1\" ><div style=\"text-align: left;\" data-title-color=\"#443f3f\" data-headings-color=\"#443f3f\" class=\"panel-widget-style panel-widget-style-for-359-1-0-0\" ><div class=\"so-widget-sow-editor so-widget-sow-editor-base\"><h3 class=\"widget-title\">Le mot d&#039;Anne Tardivon, investigateur principal<\/h3>\n<div class=\"siteorigin-widget-tinymce textwidget\">\n\t<\/div>\n<\/div><\/div><\/div><\/div><\/div><\/div><div id=\"pg-359-2\"  class=\"panel-grid panel-has-style\" ><div style=\"border-bottom: 1px solid #000000;padding: 30px 0; \" data-overlay=\"true\" data-overlay-color=\"#000000\" class=\"panel-row-style panel-row-style-for-359-2\" ><div id=\"pgc-359-2-0\"  class=\"panel-grid-cell\" ><div id=\"panel-359-2-0-0\" class=\"so-panel widget widget_sow-editor panel-first-child panel-last-child\" data-index=\"2\" ><div style=\"text-align: left;\" data-title-color=\"#443f3f\" data-headings-color=\"#443f3f\" class=\"panel-widget-style panel-widget-style-for-359-2-0-0\" ><div class=\"so-widget-sow-editor so-widget-sow-editor-base\">\n<div class=\"siteorigin-widget-tinymce textwidget\">\n\t<p><strong>Anne TARDIVON<\/strong> exerce en tant que radiologue dans les Centres de Lutte contre le Cancer depuis 1992, et \u00e0 l\u2019Institut Curie depuis 2002. Sp\u00e9cialis\u00e9e dans l\u2019imagerie du sein, elle est investigateur principal de l\u2019\u00e9tude clinique du projet KDOG.<\/p>\n<\/div>\n<\/div><\/div><\/div><\/div><div id=\"pgc-359-2-1\"  class=\"panel-grid-cell\" ><div id=\"panel-359-2-1-0\" class=\"so-panel widget widget_sydney_video_widget sydney_video_widget_widget panel-first-child panel-last-child\" data-index=\"3\" ><div style=\"text-align: left;\" data-title-color=\"#443f3f\" data-headings-color=\"#443f3f\" class=\"panel-widget-style panel-widget-style-for-359-2-1-0\" ><div class=\"sydney-video vid-normal\"><div class=\"video-overlay\"><div class=\"sydney-video-inner\"><span class=\"close-popup\"><i class=\"fa fa-times\"><\/i><\/span><iframe title=\"KDOG - Anne TARDIVON - Investigateur principal de l&#039;\u00e9tude clinique\" width=\"1170\" height=\"658\" src=\"https:\/\/www.youtube.com\/embed\/-XIwttiYJYM?feature=oembed\" frameborder=\"0\" allow=\"accelerometer; autoplay; clipboard-write; encrypted-media; gyroscope; picture-in-picture; web-share\" referrerpolicy=\"strict-origin-when-cross-origin\" allowfullscreen><\/iframe><\/div><\/div><div class=\"video-text\"><\/div><a href=\"#\" class=\"toggle-popup\"><i class=\"fa fa-play\"><\/i><\/a><\/div><\/div><\/div><\/div><\/div><\/div><div id=\"pg-359-3\"  class=\"panel-grid panel-has-style\" ><div style=\"padding: 0px 0; \" data-overlay=\"true\" data-overlay-color=\"#000000\" class=\"panel-row-style panel-row-style-for-359-3\" ><div id=\"pgc-359-3-0\"  class=\"panel-grid-cell\" ><div id=\"panel-359-3-0-0\" class=\"so-panel widget widget_sow-editor panel-first-child panel-last-child\" data-index=\"4\" ><div style=\"text-align: left;\" data-title-color=\"#443f3f\" data-headings-color=\"#443f3f\" class=\"panel-widget-style panel-widget-style-for-359-3-0-0\" ><div class=\"so-widget-sow-editor so-widget-sow-editor-base\"><h3 class=\"widget-title\">Un point sur la m\u00e9thode<\/h3>\n<div class=\"siteorigin-widget-tinymce textwidget\">\n\t<\/div>\n<\/div><\/div><\/div><\/div><\/div><\/div><div id=\"pg-359-4\"  class=\"panel-grid panel-has-style\" ><div style=\"border-bottom: 1px solid #000000;padding: 30px 0; \" data-overlay=\"true\" data-overlay-color=\"#000000\" class=\"panel-row-style panel-row-style-for-359-4\" ><div id=\"pgc-359-4-0\"  class=\"panel-grid-cell\" ><div id=\"panel-359-4-0-0\" class=\"so-panel widget widget_sow-editor panel-first-child panel-last-child\" data-index=\"5\" ><div style=\"text-align: left;\" data-title-color=\"#443f3f\" data-headings-color=\"#443f3f\" class=\"panel-widget-style panel-widget-style-for-359-4-0-0\" ><div class=\"so-widget-sow-editor so-widget-sow-editor-base\">\n<div class=\"siteorigin-widget-tinymce textwidget\">\n\t<p>Comment prouver scientifiquement qu\u2019un tel process est fiable, ou non\u00a0? C\u2019est tout l\u2019enjeu du design de l\u2019\u00e9tude clinique. Retrouvez-ici ce qu\u2019en dit <strong>Alexia SAVIGNONI<\/strong>, m\u00e9thodologiste au sein de l\u2019Institut Curie qui est en charge de cette partie fondamentale de l\u2019\u00e9tude.<\/p>\n<\/div>\n<\/div><\/div><\/div><\/div><div id=\"pgc-359-4-1\"  class=\"panel-grid-cell\" ><div id=\"panel-359-4-1-0\" class=\"so-panel widget widget_sydney_video_widget sydney_video_widget_widget panel-first-child panel-last-child\" data-index=\"6\" ><div style=\"text-align: left;\" data-title-color=\"#443f3f\" data-headings-color=\"#443f3f\" class=\"panel-widget-style panel-widget-style-for-359-4-1-0\" ><div class=\"sydney-video vid-normal\"><div class=\"video-overlay\"><div class=\"sydney-video-inner\"><span class=\"close-popup\"><i class=\"fa fa-times\"><\/i><\/span><iframe title=\"KDOG - Alexia SAVIGNONI\" width=\"1170\" height=\"658\" src=\"https:\/\/www.youtube.com\/embed\/nRsQnUnvtSg?feature=oembed\" frameborder=\"0\" allow=\"accelerometer; autoplay; clipboard-write; encrypted-media; gyroscope; picture-in-picture; web-share\" referrerpolicy=\"strict-origin-when-cross-origin\" allowfullscreen><\/iframe><\/div><\/div><div class=\"video-text\"><\/div><a href=\"#\" class=\"toggle-popup\"><i class=\"fa fa-play\"><\/i><\/a><\/div><\/div><\/div><\/div><\/div><\/div><div id=\"pg-359-5\"  class=\"panel-grid panel-has-style\" ><div style=\"padding: 0px 0; \" data-overlay=\"true\" data-overlay-color=\"#000000\" class=\"panel-row-style panel-row-style-for-359-5\" ><div id=\"pgc-359-5-0\"  class=\"panel-grid-cell\" ><div id=\"panel-359-5-0-0\" class=\"so-panel widget widget_sow-editor panel-first-child panel-last-child\" data-index=\"7\" ><div style=\"text-align: left;\" data-title-color=\"#443f3f\" data-headings-color=\"#443f3f\" class=\"panel-widget-style panel-widget-style-for-359-5-0-0\" ><div class=\"so-widget-sow-editor so-widget-sow-editor-base\"><h3 class=\"widget-title\">L&#039;\u00e9quipe cynophile<\/h3>\n<div class=\"siteorigin-widget-tinymce textwidget\">\n\t<p>Les chiens KDOG sont dress\u00e9s aux Jardins de la D\u00e9fense, \u00e0 Champvoisy. Le chenil est tenu par <strong>Didier VALENTIN<\/strong>, ancien capitaine de l\u2019arm\u00e9e de terre et formateur cynotechnique. Il utilise son expertise pour pr\u00e9parer Nougaro, un labrador, \u00e0 la d\u00e9tection des odeurs du cancer du sein.<\/p>\n<p>Didier est accompagn\u00e9 de deux \u00e9ducateurs canins, <strong>C\u00e9cile MANSUY<\/strong> et <strong>Florian CONCHAUDON<\/strong>, qui s\u2019occupent respectivement d\u2019Odin, un labrador, et d\u2019Owen, un malinois.<\/p>\n<\/div>\n<\/div><\/div><\/div><\/div><\/div><\/div><div id=\"pg-359-6\"  class=\"panel-grid panel-has-style\" ><div style=\"padding: 30px 0; \" data-overlay=\"true\" data-overlay-color=\"#000000\" class=\"panel-row-style panel-row-style-for-359-6\" ><div id=\"pgc-359-6-0\"  class=\"panel-grid-cell\" ><div id=\"panel-359-6-0-0\" class=\"so-panel widget widget_sydney_video_widget sydney_video_widget_widget panel-first-child panel-last-child\" data-index=\"8\" ><div style=\"text-align: left;\" data-title-color=\"#443f3f\" data-headings-color=\"#443f3f\" class=\"panel-widget-style panel-widget-style-for-359-6-0-0\" ><div class=\"sydney-video vid-normal\"><div class=\"video-overlay\"><div class=\"sydney-video-inner\"><span class=\"close-popup\"><i class=\"fa fa-times\"><\/i><\/span><iframe title=\"KDOG - Didier VALENTIN\" width=\"1170\" height=\"658\" src=\"https:\/\/www.youtube.com\/embed\/oIqU8h1OKMQ?feature=oembed\" frameborder=\"0\" allow=\"accelerometer; autoplay; clipboard-write; encrypted-media; gyroscope; picture-in-picture; web-share\" referrerpolicy=\"strict-origin-when-cross-origin\" allowfullscreen><\/iframe><\/div><\/div><div class=\"video-text\"><\/div><a href=\"#\" class=\"toggle-popup\"><i class=\"fa fa-play\"><\/i><\/a><\/div><\/div><\/div><\/div><div id=\"pgc-359-6-1\"  class=\"panel-grid-cell\" ><div id=\"panel-359-6-1-0\" class=\"so-panel widget widget_sydney_video_widget sydney_video_widget_widget panel-first-child panel-last-child\" data-index=\"9\" ><div style=\"text-align: left;\" data-title-color=\"#443f3f\" data-headings-color=\"#443f3f\" class=\"panel-widget-style panel-widget-style-for-359-6-1-0\" ><div class=\"sydney-video vid-normal\"><div class=\"video-overlay\"><div class=\"sydney-video-inner\"><span class=\"close-popup\"><i class=\"fa fa-times\"><\/i><\/span><iframe title=\"KDOG - C\u00e9cile MANSUY\" width=\"1170\" height=\"658\" src=\"https:\/\/www.youtube.com\/embed\/sIZofT2d51A?feature=oembed\" frameborder=\"0\" allow=\"accelerometer; autoplay; clipboard-write; encrypted-media; gyroscope; picture-in-picture; web-share\" referrerpolicy=\"strict-origin-when-cross-origin\" allowfullscreen><\/iframe><\/div><\/div><div class=\"video-text\"><\/div><a href=\"#\" class=\"toggle-popup\"><i class=\"fa fa-play\"><\/i><\/a><\/div><\/div><\/div><\/div><div id=\"pgc-359-6-2\"  class=\"panel-grid-cell\" ><div id=\"panel-359-6-2-0\" class=\"so-panel widget widget_sydney_video_widget sydney_video_widget_widget panel-first-child panel-last-child\" data-index=\"10\" ><div style=\"text-align: left;\" data-title-color=\"#443f3f\" data-headings-color=\"#443f3f\" class=\"panel-widget-style panel-widget-style-for-359-6-2-0\" ><div class=\"sydney-video vid-normal\"><div class=\"video-overlay\"><div class=\"sydney-video-inner\"><span class=\"close-popup\"><i class=\"fa fa-times\"><\/i><\/span><iframe title=\"KDOG - Florian CONCHAUDON\" width=\"1170\" height=\"658\" src=\"https:\/\/www.youtube.com\/embed\/6Nw0_XjDfew?feature=oembed\" frameborder=\"0\" allow=\"accelerometer; autoplay; clipboard-write; encrypted-media; gyroscope; picture-in-picture; web-share\" referrerpolicy=\"strict-origin-when-cross-origin\" allowfullscreen><\/iframe><\/div><\/div><div class=\"video-text\"><\/div><a href=\"#\" class=\"toggle-popup\"><i class=\"fa fa-play\"><\/i><\/a><\/div><\/div><\/div><\/div><\/div><\/div><div id=\"pg-359-7\"  class=\"panel-grid panel-has-style\" ><div style=\"border-bottom: 1px solid #000000;padding: 100px 0; \" data-overlay=\"true\" data-overlay-color=\"#000000\" class=\"panel-row-style panel-row-style-for-359-7\" ><div id=\"pgc-359-7-0\"  class=\"panel-grid-cell\" ><div id=\"panel-359-7-0-0\" class=\"so-panel widget widget_sydney_video_widget sydney_video_widget_widget panel-first-child panel-last-child\" data-index=\"11\" ><div style=\"text-align: left;\" data-title-color=\"#443f3f\" data-headings-color=\"#443f3f\" class=\"panel-widget-style panel-widget-style-for-359-7-0-0\" ><div class=\"sydney-video vid-normal\"><div class=\"video-overlay\"><div class=\"sydney-video-inner\"><span class=\"close-popup\"><i class=\"fa fa-times\"><\/i><\/span><iframe title=\"KDOG - TRAININGS\" width=\"1170\" height=\"658\" src=\"https:\/\/www.youtube.com\/embed\/6VuGx-YZiqA?feature=oembed\" frameborder=\"0\" allow=\"accelerometer; autoplay; clipboard-write; encrypted-media; gyroscope; picture-in-picture; web-share\" referrerpolicy=\"strict-origin-when-cross-origin\" allowfullscreen><\/iframe><\/div><\/div><div class=\"video-text\"><\/div><a href=\"#\" class=\"toggle-popup\"><i class=\"fa fa-play\"><\/i><\/a><\/div><\/div><\/div><\/div><\/div><\/div><div id=\"pg-359-8\"  class=\"panel-grid panel-has-style\" ><div style=\"padding: 0px 0; \" data-overlay=\"true\" data-overlay-color=\"#000000\" class=\"panel-row-style panel-row-style-for-359-8\" ><div id=\"pgc-359-8-0\"  class=\"panel-grid-cell\" ><div id=\"panel-359-8-0-0\" class=\"so-panel widget widget_sow-editor panel-first-child panel-last-child\" data-index=\"12\" ><div style=\"text-align: left;\" data-title-color=\"#443f3f\" data-headings-color=\"#443f3f\" class=\"panel-widget-style panel-widget-style-for-359-8-0-0\" ><div class=\"so-widget-sow-editor so-widget-sow-editor-base\"><h3 class=\"widget-title\">Observer, mesurer, enregistrer<\/h3>\n<div class=\"siteorigin-widget-tinymce textwidget\">\n\t<\/div>\n<\/div><\/div><\/div><\/div><\/div><\/div><div id=\"pg-359-9\"  class=\"panel-grid panel-has-style\" ><div style=\"border-bottom: 1px solid #000000;padding: 30px 0; \" data-overlay=\"true\" data-overlay-color=\"#000000\" class=\"panel-row-style panel-row-style-for-359-9\" ><div id=\"pgc-359-9-0\"  class=\"panel-grid-cell\" ><div id=\"panel-359-9-0-0\" class=\"so-panel widget widget_sow-editor panel-first-child panel-last-child\" data-index=\"13\" ><div style=\"text-align: left;\" data-title-color=\"#443f3f\" data-headings-color=\"#443f3f\" class=\"panel-widget-style panel-widget-style-for-359-9-0-0\" ><div class=\"so-widget-sow-editor so-widget-sow-editor-base\">\n<div class=\"siteorigin-widget-tinymce textwidget\">\n\t<p><strong>Damien TRUFFAUT<\/strong> met ses comp\u00e9tences en informatique au service de KDOG pour cr\u00e9er une plateforme logicielle de monitoring de l'entrainement des chiens. Un travail fondamental pour enregistrer et transmettre les donn\u00e9es.<\/p>\n<\/div>\n<\/div><\/div><\/div><\/div><div id=\"pgc-359-9-1\"  class=\"panel-grid-cell\" ><div id=\"panel-359-9-1-0\" class=\"so-panel widget widget_sydney_video_widget sydney_video_widget_widget panel-first-child panel-last-child\" data-index=\"14\" ><div style=\"text-align: left;\" data-title-color=\"#443f3f\" data-headings-color=\"#443f3f\" class=\"panel-widget-style panel-widget-style-for-359-9-1-0\" ><div class=\"sydney-video vid-normal\"><div class=\"video-overlay\"><div class=\"sydney-video-inner\"><span class=\"close-popup\"><i class=\"fa fa-times\"><\/i><\/span><iframe title=\"KDOG - Damien TRUFFAUT\" width=\"1170\" height=\"658\" src=\"https:\/\/www.youtube.com\/embed\/unDGXlR4uVA?feature=oembed\" frameborder=\"0\" allow=\"accelerometer; autoplay; clipboard-write; encrypted-media; gyroscope; picture-in-picture; web-share\" referrerpolicy=\"strict-origin-when-cross-origin\" allowfullscreen><\/iframe><\/div><\/div><div class=\"video-text\"><\/div><a href=\"#\" class=\"toggle-popup\"><i class=\"fa fa-play\"><\/i><\/a><\/div><\/div><\/div><\/div><\/div><\/div><div id=\"pg-359-10\"  class=\"panel-grid panel-has-style\" ><div style=\"padding: 0px 0; \" data-overlay=\"true\" data-overlay-color=\"#000000\" class=\"panel-row-style panel-row-style-for-359-10\" ><div id=\"pgc-359-10-0\"  class=\"panel-grid-cell\" ><div id=\"panel-359-10-0-0\" class=\"so-panel widget widget_sow-editor panel-first-child panel-last-child\" data-index=\"15\" ><div style=\"text-align: left;\" data-title-color=\"#443f3f\" data-headings-color=\"#443f3f\" class=\"panel-widget-style panel-widget-style-for-359-10-0-0\" ><div class=\"so-widget-sow-editor so-widget-sow-editor-base\"><h3 class=\"widget-title\">Du c\u00f4te des \u00e9thologues et v\u00e9t\u00e9rinaires<\/h3>\n<div class=\"siteorigin-widget-tinymce textwidget\">\n\t<\/div>\n<\/div><\/div><\/div><\/div><\/div><\/div><div id=\"pg-359-11\"  class=\"panel-grid panel-has-style\" ><div style=\"border-bottom: 1px solid #000000;padding: 30px 0; \" data-overlay=\"true\" data-overlay-color=\"#000000\" class=\"panel-row-style panel-row-style-for-359-11\" ><div id=\"pgc-359-11-0\"  class=\"panel-grid-cell\" ><div id=\"panel-359-11-0-0\" class=\"so-panel widget widget_sow-editor panel-first-child panel-last-child\" data-index=\"16\" ><div style=\"text-align: left;\" data-title-color=\"#443f3f\" data-headings-color=\"#443f3f\" class=\"panel-widget-style panel-widget-style-for-359-11-0-0\" ><div class=\"so-widget-sow-editor so-widget-sow-editor-base\">\n<div class=\"siteorigin-widget-tinymce textwidget\">\n\t<p>La m\u00e9thode KDOG s\u2019appuie, notamment, sur des \u00e9tudes v\u00e9t\u00e9rinaires et \u00e9thologiques. L\u2019\u00e9quipe est ainsi accompagn\u00e9e par <strong>Caroline GILBERT<\/strong>, v\u00e9t\u00e9rinaire et \u00e9thologue sp\u00e9cialis\u00e9e dans le bien-\u00eatre animal, et <strong>Val\u00e9rie FREICHE<\/strong>, v\u00e9t\u00e9rinaire sp\u00e9cialis\u00e9e dans les maladies gastro-intestinales.<\/p>\n<\/div>\n<\/div><\/div><\/div><\/div><div id=\"pgc-359-11-1\"  class=\"panel-grid-cell\" ><div id=\"panel-359-11-1-0\" class=\"so-panel widget widget_sydney_video_widget sydney_video_widget_widget panel-first-child panel-last-child\" data-index=\"17\" ><div style=\"text-align: left;\" data-title-color=\"#443f3f\" data-headings-color=\"#443f3f\" class=\"panel-widget-style panel-widget-style-for-359-11-1-0\" ><div class=\"sydney-video vid-normal\"><div class=\"video-overlay\"><div class=\"sydney-video-inner\"><span class=\"close-popup\"><i class=\"fa fa-times\"><\/i><\/span><iframe title=\"KDOG - Pr Caroline GILBERT - Ethologue\" width=\"1170\" height=\"658\" src=\"https:\/\/www.youtube.com\/embed\/ptEkGVTI43A?feature=oembed\" frameborder=\"0\" allow=\"accelerometer; autoplay; clipboard-write; encrypted-media; gyroscope; picture-in-picture; web-share\" referrerpolicy=\"strict-origin-when-cross-origin\" allowfullscreen><\/iframe><\/div><\/div><div class=\"video-text\"><\/div><a href=\"#\" class=\"toggle-popup\"><i class=\"fa fa-play\"><\/i><\/a><\/div><\/div><\/div><\/div><div id=\"pgc-359-11-2\"  class=\"panel-grid-cell\" ><div id=\"panel-359-11-2-0\" class=\"so-panel widget widget_sydney_video_widget sydney_video_widget_widget panel-first-child panel-last-child\" data-index=\"18\" ><div style=\"text-align: left;\" data-title-color=\"#443f3f\" data-headings-color=\"#443f3f\" class=\"panel-widget-style panel-widget-style-for-359-11-2-0\" ><div class=\"sydney-video vid-normal\"><div class=\"video-overlay\"><div class=\"sydney-video-inner\"><span class=\"close-popup\"><i class=\"fa fa-times\"><\/i><\/span><iframe title=\"KDOG - Val\u00e9rie FREICHE - V\u00e9t\u00e9rinaire\" width=\"1170\" height=\"658\" src=\"https:\/\/www.youtube.com\/embed\/dViB3M0breY?feature=oembed\" frameborder=\"0\" allow=\"accelerometer; autoplay; clipboard-write; encrypted-media; gyroscope; picture-in-picture; web-share\" referrerpolicy=\"strict-origin-when-cross-origin\" allowfullscreen><\/iframe><\/div><\/div><div class=\"video-text\"><\/div><a href=\"#\" class=\"toggle-popup\"><i class=\"fa fa-play\"><\/i><\/a><\/div><\/div><\/div><\/div><\/div><\/div><div id=\"pg-359-12\"  class=\"panel-grid panel-has-style\" ><div style=\"padding: 0px 0; \" data-overlay=\"true\" data-overlay-color=\"#000000\" class=\"panel-row-style panel-row-style-for-359-12\" ><div id=\"pgc-359-12-0\"  class=\"panel-grid-cell\" ><div id=\"panel-359-12-0-0\" class=\"so-panel widget widget_sow-editor panel-first-child panel-last-child\" data-index=\"19\" ><div style=\"text-align: left;\" data-title-color=\"#443f3f\" data-headings-color=\"#443f3f\" class=\"panel-widget-style panel-widget-style-for-359-12-0-0\" ><div class=\"so-widget-sow-editor so-widget-sow-editor-base\"><h3 class=\"widget-title\">Regard parall\u00e8le<\/h3>\n<div class=\"siteorigin-widget-tinymce textwidget\">\n\t<\/div>\n<\/div><\/div><\/div><\/div><\/div><\/div><div id=\"pg-359-13\"  class=\"panel-grid panel-has-style\" ><div style=\"border-bottom: 1px solid #000000;padding: 30px 0; \" data-overlay=\"true\" data-overlay-color=\"#000000\" class=\"panel-row-style panel-row-style-for-359-13\" ><div id=\"pgc-359-13-0\"  class=\"panel-grid-cell\" ><div id=\"panel-359-13-0-0\" class=\"so-panel widget widget_sow-editor panel-first-child panel-last-child\" data-index=\"20\" ><div style=\"text-align: left;\" data-title-color=\"#443f3f\" data-headings-color=\"#443f3f\" class=\"panel-widget-style panel-widget-style-for-359-13-0-0\" ><div class=\"so-widget-sow-editor so-widget-sow-editor-base\">\n<div class=\"siteorigin-widget-tinymce textwidget\">\n\t<p>Professeur agr\u00e9g\u00e9 en m\u00e9decine et ancien s\u00e9nateur, <strong>Claude HURIET<\/strong> a beaucoup travaill\u00e9 sur les probl\u00e9matiques bio\u00e9thiques, que ce soit via la loi relative \u00e0 la protection des personnes se pr\u00eatant \u00e0 des recherches biom\u00e9dicales portant son nom ou via sa participation \u00e0 divers comit\u00e9s bio\u00e9thiques, fran\u00e7ais ou internationaux. Il fut par ailleurs pr\u00e9sident de l\u2019Institut Curie jusqu\u2019en 2013 et est l\u2019un des grands ambassadeurs du projet.<\/p>\n<\/div>\n<\/div><\/div><\/div><\/div><div id=\"pgc-359-13-1\"  class=\"panel-grid-cell\" ><div id=\"panel-359-13-1-0\" class=\"so-panel widget widget_sydney_video_widget sydney_video_widget_widget panel-first-child panel-last-child\" data-index=\"21\" ><div style=\"text-align: left;\" data-title-color=\"#443f3f\" data-headings-color=\"#443f3f\" class=\"panel-widget-style panel-widget-style-for-359-13-1-0\" ><div class=\"sydney-video vid-normal\"><div class=\"video-overlay\"><div class=\"sydney-video-inner\"><span class=\"close-popup\"><i class=\"fa fa-times\"><\/i><\/span><iframe title=\"KDOG - PR Claude HURIET\" width=\"1170\" height=\"658\" src=\"https:\/\/www.youtube.com\/embed\/C5QO0pvjZTc?feature=oembed\" frameborder=\"0\" allow=\"accelerometer; autoplay; clipboard-write; encrypted-media; gyroscope; picture-in-picture; web-share\" referrerpolicy=\"strict-origin-when-cross-origin\" allowfullscreen><\/iframe><\/div><\/div><div class=\"video-text\"><\/div><a href=\"#\" class=\"toggle-popup\"><i class=\"fa fa-play\"><\/i><\/a><\/div><\/div><\/div><\/div><\/div><\/div><\/div>","protected":false},"excerpt":{"rendered":"<p>L&#8217;\u00e9quipe KDOG a valid\u00e9 une preuve de concept en 2017-2018 avec 2 chiens qui dans plus de 90% des cas ont trouv\u00e9 l&#8217;\u00e9chantillon port\u00e9 par des femmes malades parmi des \u00e9chantillons de femmes non atteintes d&#8217;un cancer. C&#8217;est exceptionnel et cela semble prouver que les chiens d\u00e9tectent bien quelque chose, mais ce n&#8217;est pas suffisant. [&hellip;]<\/p>\n","protected":false},"author":2,"featured_media":0,"parent":0,"menu_order":0,"comment_status":"closed","ping_status":"closed","template":"page-templates\/page_front-page.php","meta":[],"_links":{"self":[{"href":"https:\/\/kdog.eu\/index.php\/wp-json\/wp\/v2\/pages\/359"}],"collection":[{"href":"https:\/\/kdog.eu\/index.php\/wp-json\/wp\/v2\/pages"}],"about":[{"href":"https:\/\/kdog.eu\/index.php\/wp-json\/wp\/v2\/types\/page"}],"author":[{"embeddable":true,"href":"https:\/\/kdog.eu\/index.php\/wp-json\/wp\/v2\/users\/2"}],"replies":[{"embeddable":true,"href":"https:\/\/kdog.eu\/index.php\/wp-json\/wp\/v2\/comments?post=359"}],"version-history":[{"count":87,"href":"https:\/\/kdog.eu\/index.php\/wp-json\/wp\/v2\/pages\/359\/revisions"}],"predecessor-version":[{"id":1018,"href":"https:\/\/kdog.eu\/index.php\/wp-json\/wp\/v2\/pages\/359\/revisions\/1018"}],"wp:attachment":[{"href":"https:\/\/kdog.eu\/index.php\/wp-json\/wp\/v2\/media?parent=359"}],"curies":[{"name":"wp","href":"https:\/\/api.w.org\/{rel}","templated":true}]}}